{"id":9,"date":"2022-05-18T11:30:16","date_gmt":"2022-05-18T09:30:16","guid":{"rendered":"http:\/\/recoferme.com\/?page_id=9"},"modified":"2023-05-30T16:45:22","modified_gmt":"2023-05-30T14:45:22","slug":"accueil","status":"publish","type":"page","link":"https:\/\/recoferme.com\/","title":{"rendered":"Accueil"},"content":{"rendered":"\n<p>Recoferme accompagne des lieux de caract\u00e8re \u00e0 devenir auto-suffisants et les aide \u00e0 d\u00e9velopper de nouvelles activit\u00e9s de loisirs et de bien \u00eatre, destin\u00e9s \u00e0 des groupes de particuliers et \u00e0 des entreprises, pour des s\u00e9minaires nouvelles g\u00e9n\u00e9ration.<\/p>\n\n\n\n<p>Chez Recoferme, nous s\u00e9lectionnons avec soin des lieux authentiques, chaleureux et qui ont une \u00e2me, mais aussi des intervenants passionn\u00e9s par leur m\u00e9tier, afin de vous d\u00e9livrer une exp\u00e9rience  sur-mesure et hors du temps. <\/p>\n\n\n\n<p>S&rsquo;accorder un s\u00e9jour d&rsquo;exception avec Recoferme, c&rsquo;est s&rsquo;offrir l&rsquo;opportunit\u00e9 de se reconnecter \u00e0 la terre et au monde du vivant, dans un environnement convivial, o\u00f9 l&rsquo;on mange des produits frais et savoureux et o\u00f9 l&rsquo;on pratique diverses activit\u00e9s selon ses besoins : ateliers culinaires, ateliers de jardinage\/permaculture, stages de yoga&#8230;<\/p>\n","protected":false},"excerpt":{"rendered":"<p>Recoferme accompagne des lieux de caract\u00e8re \u00e0 devenir auto-suffisants et les aide \u00e0 d\u00e9velopper de nouvelles activit\u00e9s de loisirs et de bien \u00eatre, destin\u00e9s \u00e0 des groupes de particuliers et \u00e0 des entreprises, pour des s\u00e9minaires nouvelles g\u00e9n\u00e9ration. Chez Recoferme, nous s\u00e9lectionnons avec soin des lieux authentiques, chaleureux et qui ont une \u00e2me, mais aussi &hellip; <\/p>\n<p class=\"link-more\"><a href=\"https:\/\/recoferme.com\/\" class=\"more-link\">Continuer la lecture<span class=\"screen-reader-text\"> de &laquo;&nbsp;Accueil&nbsp;&raquo;<\/span><\/a><\/p>\n","protected":false},"author":1,"featured_media":0,"parent":0,"menu_order":0,"comment_status":"closed","ping_status":"closed","template":"","meta":[],"_links":{"self":[{"href":"https:\/\/recoferme.com\/index.php\/wp-json\/wp\/v2\/pages\/9"}],"collection":[{"href":"https:\/\/recoferme.com\/index.php\/wp-json\/wp\/v2\/pages"}],"about":[{"href":"https:\/\/recoferme.com\/index.php\/wp-json\/wp\/v2\/types\/page"}],"author":[{"embeddable":true,"href":"https:\/\/recoferme.com\/index.php\/wp-json\/wp\/v2\/users\/1"}],"replies":[{"embeddable":true,"href":"https:\/\/recoferme.com\/index.php\/wp-json\/wp\/v2\/comments?post=9"}],"version-history":[{"count":8,"href":"https:\/\/recoferme.com\/index.php\/wp-json\/wp\/v2\/pages\/9\/revisions"}],"predecessor-version":[{"id":81,"href":"https:\/\/recoferme.com\/index.php\/wp-json\/wp\/v2\/pages\/9\/revisions\/81"}],"wp:attachment":[{"href":"https:\/\/recoferme.com\/index.php\/wp-json\/wp\/v2\/media?parent=9"}],"curies":[{"name":"wp","href":"https:\/\/api.w.org\/{rel}","templated":true}]}}