{"id":60,"date":"2023-04-18T18:08:50","date_gmt":"2023-04-18T16:08:50","guid":{"rendered":"http:\/\/recoferme.com\/?page_id=60"},"modified":"2023-09-26T10:19:24","modified_gmt":"2023-09-26T08:19:24","slug":"evenements","status":"publish","type":"page","link":"https:\/\/recoferme.com\/index.php\/accueil\/evenements\/","title":{"rendered":"Ev\u00e8nements"},"content":{"rendered":"\n<p><\/p>\n\n\n\n<p>De prochains \u00e9v\u00e8nements sont \u00e0 venir.<\/p>\n\n\n\n<p>Pour en savoir plus sur vos id\u00e9es et vos envies, et vous concocter une exp\u00e9rience humaine unique au vert, soyez libre de participer \u00e0 ce questionnaire, qui vous prendra moins de 5 minutes en cliquant <a rel=\"noreferrer noopener\" href=\"https:\/\/docs.google.com\/forms\/d\/e\/1FAIpQLSdhdbqt1X91wukPOAHS-ovbqwvzZTKkqndAp9zJUS4Awl4egw\/viewform?usp=sf_link\" target=\"_blank\">ICI<\/a>. <\/p>\n","protected":false},"excerpt":{"rendered":"<p>De prochains \u00e9v\u00e8nements sont \u00e0 venir. Pour en savoir plus sur vos id\u00e9es et vos envies, et vous concocter une exp\u00e9rience humaine unique au vert, soyez libre de participer \u00e0 ce questionnaire, qui vous prendra moins de 5 minutes en cliquant ICI.<\/p>\n","protected":false},"author":1,"featured_media":0,"parent":9,"menu_order":1,"comment_status":"closed","ping_status":"closed","template":"","meta":[],"_links":{"self":[{"href":"https:\/\/recoferme.com\/index.php\/wp-json\/wp\/v2\/pages\/60"}],"collection":[{"href":"https:\/\/recoferme.com\/index.php\/wp-json\/wp\/v2\/pages"}],"about":[{"href":"https:\/\/recoferme.com\/index.php\/wp-json\/wp\/v2\/types\/page"}],"author":[{"embeddable":true,"href":"https:\/\/recoferme.com\/index.php\/wp-json\/wp\/v2\/users\/1"}],"replies":[{"embeddable":true,"href":"https:\/\/recoferme.com\/index.php\/wp-json\/wp\/v2\/comments?post=60"}],"version-history":[{"count":7,"href":"https:\/\/recoferme.com\/index.php\/wp-json\/wp\/v2\/pages\/60\/revisions"}],"predecessor-version":[{"id":87,"href":"https:\/\/recoferme.com\/index.php\/wp-json\/wp\/v2\/pages\/60\/revisions\/87"}],"up":[{"embeddable":true,"href":"https:\/\/recoferme.com\/index.php\/wp-json\/wp\/v2\/pages\/9"}],"wp:attachment":[{"href":"https:\/\/recoferme.com\/index.php\/wp-json\/wp\/v2\/media?parent=60"}],"curies":[{"name":"wp","href":"https:\/\/api.w.org\/{rel}","templated":true}]}}